{"id":5229,"date":"2023-07-26T09:18:00","date_gmt":"2023-07-26T09:18:00","guid":{"rendered":"https:\/\/www.wyndhamafyonkarahisar.com\/iletisim\/"},"modified":"2024-03-25T18:07:16","modified_gmt":"2024-03-25T15:07:16","slug":"contact","status":"publish","type":"page","link":"https:\/\/www.wyndhamafyonkarahisar.com\/en\/contact\/","title":{"rendered":"Contact"},"content":{"rendered":"\t\t<div data-elementor-type=\"wp-page\" data-elementor-id=\"5229\" class=\"elementor elementor-5229\">\n\t\t\t\t\t\t\t\t\t<section class=\"elementor-section elementor-top-section elementor-element elementor-element-0e879f0 elementor-section-boxed elementor-section-height-default elementor-section-height-default\" data-id=\"0e879f0\" data-element_type=\"section\">\n\t\t\t\t\t\t<div class=\"elementor-container elementor-column-gap-default\">\n\t\t\t\t\t<div class=\"elementor-column elementor-col-50 elementor-top-column elementor-element elementor-element-e135565\" data-id=\"e135565\" data-element_type=\"column\">\n\t\t\t<div class=\"elementor-widget-wrap elementor-element-populated\">\n\t\t\t\t\t\t\t\t<div class=\"elementor-element elementor-element-5bff294 elementor-widget elementor-widget-qomfort_elementor_heading\" data-id=\"5bff294\" data-element_type=\"widget\" data-widget_type=\"qomfort_elementor_heading.default\">\n\t\t\t\t<div class=\"elementor-widget-container\">\n\t\t\t\n\t\t<div class=\"ova-heading\">\n\t\t\t\t\t\t\t<p class=\"subtitle\">Contact<\/p>\n\t\t\t\t\t\t\t\t\t\t\t<\/div>\n\n\t\t\t\t<\/div>\n\t\t\t\t<\/div>\n\t\t\t\t<div class=\"elementor-element elementor-element-96c8cd1 ova-tabs elementor-tabs-view-horizontal elementor-widget elementor-widget-tabs\" data-id=\"96c8cd1\" data-element_type=\"widget\" data-widget_type=\"tabs.default\">\n\t\t\t\t<div class=\"elementor-widget-container\">\n\t\t\t<style>\/*! elementor - v3.17.0 - 01-11-2023 *\/\n.elementor-widget-tabs.elementor-tabs-view-vertical .elementor-tabs-wrapper{width:25%;flex-shrink:0}.elementor-widget-tabs.elementor-tabs-view-vertical .elementor-tab-desktop-title.elementor-active{border-right-style:none}.elementor-widget-tabs.elementor-tabs-view-vertical .elementor-tab-desktop-title.elementor-active:after,.elementor-widget-tabs.elementor-tabs-view-vertical .elementor-tab-desktop-title.elementor-active:before{height:999em;width:0;right:0;border-right-style:solid}.elementor-widget-tabs.elementor-tabs-view-vertical .elementor-tab-desktop-title.elementor-active:before{top:0;transform:translateY(-100%)}.elementor-widget-tabs.elementor-tabs-view-vertical .elementor-tab-desktop-title.elementor-active:after{top:100%}.elementor-widget-tabs.elementor-tabs-view-horizontal .elementor-tab-desktop-title{display:table-cell}.elementor-widget-tabs.elementor-tabs-view-horizontal .elementor-tab-desktop-title.elementor-active{border-bottom-style:none}.elementor-widget-tabs.elementor-tabs-view-horizontal .elementor-tab-desktop-title.elementor-active:after,.elementor-widget-tabs.elementor-tabs-view-horizontal .elementor-tab-desktop-title.elementor-active:before{bottom:0;height:0;width:999em;border-bottom-style:solid}.elementor-widget-tabs.elementor-tabs-view-horizontal .elementor-tab-desktop-title.elementor-active:before{right:100%}.elementor-widget-tabs.elementor-tabs-view-horizontal .elementor-tab-desktop-title.elementor-active:after{left:100%}.elementor-widget-tabs .elementor-tab-content,.elementor-widget-tabs .elementor-tab-title,.elementor-widget-tabs .elementor-tab-title:after,.elementor-widget-tabs .elementor-tab-title:before,.elementor-widget-tabs .elementor-tabs-content-wrapper{border:1px #d5d8dc}.elementor-widget-tabs .elementor-tabs{text-align:left}.elementor-widget-tabs .elementor-tabs-wrapper{overflow:hidden}.elementor-widget-tabs .elementor-tab-title{cursor:pointer;outline:var(--focus-outline,none)}.elementor-widget-tabs .elementor-tab-desktop-title{position:relative;padding:20px 25px;font-weight:700;line-height:1;border:solid transparent}.elementor-widget-tabs .elementor-tab-desktop-title.elementor-active{border-color:#d5d8dc}.elementor-widget-tabs .elementor-tab-desktop-title.elementor-active:after,.elementor-widget-tabs .elementor-tab-desktop-title.elementor-active:before{display:block;content:\"\";position:absolute}.elementor-widget-tabs .elementor-tab-desktop-title:focus-visible{border:1px solid #000}.elementor-widget-tabs .elementor-tab-mobile-title{padding:10px;cursor:pointer}.elementor-widget-tabs .elementor-tab-content{padding:20px;display:none}@media (max-width:767px){.elementor-tabs .elementor-tab-content,.elementor-tabs .elementor-tab-title{border-style:solid solid none}.elementor-tabs .elementor-tabs-wrapper{display:none}.elementor-tabs .elementor-tabs-content-wrapper{border-bottom-style:solid}.elementor-tabs .elementor-tab-content{padding:10px}}@media (min-width:768px){.elementor-widget-tabs.elementor-tabs-view-vertical .elementor-tabs{display:flex}.elementor-widget-tabs.elementor-tabs-view-vertical .elementor-tabs-wrapper{flex-direction:column}.elementor-widget-tabs.elementor-tabs-view-vertical .elementor-tabs-content-wrapper{flex-grow:1;border-style:solid solid solid none}.elementor-widget-tabs.elementor-tabs-view-horizontal .elementor-tab-content{border-style:none solid solid}.elementor-widget-tabs.elementor-tabs-alignment-center .elementor-tabs-wrapper,.elementor-widget-tabs.elementor-tabs-alignment-end .elementor-tabs-wrapper,.elementor-widget-tabs.elementor-tabs-alignment-stretch .elementor-tabs-wrapper{display:flex}.elementor-widget-tabs.elementor-tabs-alignment-center .elementor-tabs-wrapper{justify-content:center}.elementor-widget-tabs.elementor-tabs-alignment-end .elementor-tabs-wrapper{justify-content:flex-end}.elementor-widget-tabs.elementor-tabs-alignment-stretch.elementor-tabs-view-horizontal .elementor-tab-title{width:100%}.elementor-widget-tabs.elementor-tabs-alignment-stretch.elementor-tabs-view-vertical .elementor-tab-title{height:100%}.elementor-tabs .elementor-tab-mobile-title{display:none}}<\/style>        <div class=\"elementor-tabs\">\n            <div class=\"elementor-tabs-wrapper\" role=\"tablist\" >\n                                    <div id=\"elementor-tab-title-1581\" class=\"elementor-tab-title elementor-tab-desktop-title\" aria-selected=\"true\" data-tab=\"1\" role=\"tab\" tabindex=\"0\" aria-controls=\"elementor-tab-content-1581\" aria-expanded=\"false\"><a href=\"#\">Afyonkarahisar<\/a><\/div>\n                            <\/div>\n            <div class=\"elementor-tabs-content-wrapper\" role=\"tablist\" aria-orientation=\"vertical\">\n                                    <div class=\"elementor-tab-title elementor-tab-mobile-title\" aria-selected=\"true\" data-tab=\"1\" role=\"tab\" tabindex=\"0\" aria-controls=\"elementor-tab-content-1581\" aria-expanded=\"false\">Afyonkarahisar<\/div>\n                    <div id=\"elementor-tab-content-1581\" class=\"elementor-tab-content elementor-clearfix\" data-tab=\"1\" role=\"tabpanel\" aria-labelledby=\"elementor-tab-title-1581\" tabindex=\"0\" hidden=\"false\">\t\t<div data-elementor-type=\"section\" data-elementor-id=\"5246\" class=\"elementor elementor-5246\">\n\t\t\t\t\t\t\t\t<section class=\"elementor-section elementor-top-section elementor-element elementor-element-59f7a69 elementor-section-full_width elementor-section-height-default elementor-section-height-default\" data-id=\"59f7a69\" data-element_type=\"section\">\n\t\t\t\t\t\t<div class=\"elementor-container elementor-column-gap-no\">\n\t\t\t\t\t<div class=\"elementor-column elementor-col-100 elementor-top-column elementor-element elementor-element-a6eb7b2\" data-id=\"a6eb7b2\" data-element_type=\"column\">\n\t\t\t<div class=\"elementor-widget-wrap elementor-element-populated\">\n\t\t\t\t\t\t\t\t<div class=\"elementor-element elementor-element-7b0f030 elementor-widget elementor-widget-qomfort_elementor_contact_info\" data-id=\"7b0f030\" data-element_type=\"widget\" data-widget_type=\"qomfort_elementor_contact_info.default\">\n\t\t\t\t<div class=\"elementor-widget-container\">\n\t\t\t\t\t\t<div class=\"ova-contact-info\">\n\t\t\t\t\n\t\t\t\t\t\t\t\t\t<div class=\"icon\">\n\t\t\t\t\t\t<i aria-hidden=\"true\" class=\"qomfort qomfort-location-1\"><\/i>\t\t\t\t\t<\/div>\t\n\t\t\t\t\t\t\t\t\n\n\t\t\t\t<div class=\"contact\">\n\t\t\t\t\t\n\t\t\t\t\t\t\t\t\t\t\t<div class=\"label\">\n\t\t\t\t\t\t\tAddress\t\t\t\t\t\t<\/div>\n\t\t\t\t\t\n\t\t\t\t\t<ul class=\"info\">\n\t\t\t\t\t\t\n\t\t\t\t\t\t\t\t<li class=\"item\">\n\n\t\t\t\t\t\t\t\t\t\t\t\t\t\t\t\t\t\t\t\t\tH\u00fcrriyet Mahallesi Atat\u00fcrk Bulvar\u0131 No:20 Erkmen Belediyesi \/Afyonkarahisar 03211\t\t\t\t\t\t\t\t\t\t\t\t\t\t\t\t\t\t\t<\/li>\n\t\t\t\t\t\t\t\n\t\t\t\t\t\t\t\t\t\t\t<\/ul>\n\n\t\t\t\t<\/div>\n\n\t\t\t<\/div>\n\n\t\t\t\t<\/div>\n\t\t\t\t<\/div>\n\t\t\t\t<div class=\"elementor-element elementor-element-0dda28b elementor-widget elementor-widget-qomfort_elementor_contact_info\" data-id=\"0dda28b\" data-element_type=\"widget\" data-widget_type=\"qomfort_elementor_contact_info.default\">\n\t\t\t\t<div class=\"elementor-widget-container\">\n\t\t\t\t\t\t<div class=\"ova-contact-info\">\n\t\t\t\t\n\t\t\t\t\t\t\t\t\t<div class=\"icon\">\n\t\t\t\t\t\t<i aria-hidden=\"true\" class=\"qomfort qomfort-email-marketing\"><\/i>\t\t\t\t\t<\/div>\t\n\t\t\t\t\t\t\t\t\n\n\t\t\t\t<div class=\"contact\">\n\t\t\t\t\t\n\t\t\t\t\t\t\t\t\t\t\t<div class=\"label\">\n\t\t\t\t\t\t\tE-mail\t\t\t\t\t\t<\/div>\n\t\t\t\t\t\n\t\t\t\t\t<ul class=\"info\">\n\t\t\t\t\t\t\n\t\t\t\t\t\t\t\t<li class=\"item\">\n\n\t\t\t\t\t\t\t\t\t\t\t\t\t\t\t\t\t\t\t\t\t<a href=\"mailto:info@wyndhamafyonkarahisar.com \">\n\t\t\t\t\t\t\t\t\t\t\t\t\tinfo@wyndhamafyonkarahisar.com\t\t\t\t\t\t\t\t\t\t\t\t<\/a>\n\t\t\t\t\t\t\t\t\t\t\t\t\t\t\t\t\t\t\t<\/li>\n\t\t\t\t\t\t\t\n\t\t\t\t\t\t\t\t\t\t\t<\/ul>\n\n\t\t\t\t<\/div>\n\n\t\t\t<\/div>\n\n\t\t\t\t<\/div>\n\t\t\t\t<\/div>\n\t\t\t\t<div class=\"elementor-element elementor-element-fac8e01 elementor-widget elementor-widget-qomfort_elementor_contact_info\" data-id=\"fac8e01\" data-element_type=\"widget\" data-widget_type=\"qomfort_elementor_contact_info.default\">\n\t\t\t\t<div class=\"elementor-widget-container\">\n\t\t\t\t\t\t<div class=\"ova-contact-info\">\n\t\t\t\t\n\t\t\t\t\t\t\t\t\t<div class=\"icon\">\n\t\t\t\t\t\t<i aria-hidden=\"true\" class=\"qomfort qomfort-call\"><\/i>\t\t\t\t\t<\/div>\t\n\t\t\t\t\t\t\t\t\n\n\t\t\t\t<div class=\"contact\">\n\t\t\t\t\t\n\t\t\t\t\t\t\t\t\t\t\t<div class=\"label\">\n\t\t\t\t\t\t\tReservation Line\t\t\t\t\t\t<\/div>\n\t\t\t\t\t\n\t\t\t\t\t<ul class=\"info\">\n\t\t\t\t\t\t\n\t\t\t\t\t\t\t\t<li class=\"item\">\n\n\t\t\t\t\t\t\t\t\t\t\t\t\t\t\t\t\t\t\t\t\t<a href=\"tel:0272 246 46 66 \">\n\t\t\t\t\t\t\t\t\t\t\t\t\t0272 246 46 66\t\t\t\t\t\t\t\t\t\t\t\t<\/a>\n\t\t\t\t\t\t\t\t\t\t\t\t\t\t\t\t\t\t\t<\/li>\n\t\t\t\t\t\t\t\n\t\t\t\t\t\t\t\t\t\t\t<\/ul>\n\n\t\t\t\t<\/div>\n\n\t\t\t<\/div>\n\n\t\t\t\t<\/div>\n\t\t\t\t<\/div>\n\t\t\t\t<div class=\"elementor-element elementor-element-f961181 elementor-widget elementor-widget-qomfort_elementor_contact_info\" data-id=\"f961181\" data-element_type=\"widget\" data-widget_type=\"qomfort_elementor_contact_info.default\">\n\t\t\t\t<div class=\"elementor-widget-container\">\n\t\t\t\t\t\t<div class=\"ova-contact-info\">\n\t\t\t\t\n\t\t\t\t\t\t\t\t\t<div class=\"icon\">\n\t\t\t\t\t\t<i aria-hidden=\"true\" class=\"qomfort qomfort-call\"><\/i>\t\t\t\t\t<\/div>\t\n\t\t\t\t\t\t\t\t\n\n\t\t\t\t<div class=\"contact\">\n\t\t\t\t\t\n\t\t\t\t\t\t\t\t\t\t\t<div class=\"label\">\n\t\t\t\t\t\t\tHotel Communication Line\t\t\t\t\t\t<\/div>\n\t\t\t\t\t\n\t\t\t\t\t<ul class=\"info\">\n\t\t\t\t\t\t\n\t\t\t\t\t\t\t\t<li class=\"item\">\n\n\t\t\t\t\t\t\t\t\t\t\t\t\t\t\t\t\t\t\t\t\t<a href=\"tel:+90 (272) 246 3090 \">\n\t\t\t\t\t\t\t\t\t\t\t\t\t+90 (272) 246 3090\t\t\t\t\t\t\t\t\t\t\t\t<\/a>\n\t\t\t\t\t\t\t\t\t\t\t\t\t\t\t\t\t\t\t<\/li>\n\t\t\t\t\t\t\t\n\t\t\t\t\t\t\t\t\t\t\t<\/ul>\n\n\t\t\t\t<\/div>\n\n\t\t\t<\/div>\n\n\t\t\t\t<\/div>\n\t\t\t\t<\/div>\n\t\t\t\t\t<\/div>\n\t\t<\/div>\n\t\t\t\t\t\t\t<\/div>\n\t\t<\/section>\n\t\t\t\t\t\t<\/div>\n\t\t<\/div>\n                            <\/div>\n        <\/div>\n        \t\t<\/div>\n\t\t\t\t<\/div>\n\t\t\t\t\t<\/div>\n\t\t<\/div>\n\t\t\t\t<div class=\"elementor-column elementor-col-50 elementor-top-column elementor-element elementor-element-d9bf352\" data-id=\"d9bf352\" data-element_type=\"column\">\n\t\t\t<div class=\"elementor-widget-wrap elementor-element-populated\">\n\t\t\t\t\t\t\t\t<section class=\"elementor-section elementor-inner-section elementor-element elementor-element-445713b elementor-section-full_width elementor-section-height-default elementor-section-height-default\" data-id=\"445713b\" data-element_type=\"section\" data-settings=\"{&quot;background_background&quot;:&quot;classic&quot;}\">\n\t\t\t\t\t\t<div class=\"elementor-container elementor-column-gap-no\">\n\t\t\t\t\t<div class=\"elementor-column elementor-col-100 elementor-inner-column elementor-element elementor-element-84e3542\" data-id=\"84e3542\" data-element_type=\"column\">\n\t\t\t<div class=\"elementor-widget-wrap elementor-element-populated\">\n\t\t\t\t\t\t\t\t<div class=\"elementor-element elementor-element-abb584f elementor-widget elementor-widget-qomfort_elementor_heading\" data-id=\"abb584f\" data-element_type=\"widget\" data-widget_type=\"qomfort_elementor_heading.default\">\n\t\t\t\t<div class=\"elementor-widget-container\">\n\t\t\t\n\t\t<div class=\"ova-heading\">\n\t\t\t\t\t\t\n\t\t\t\t\t\t\t\t\t<h2 class=\"title\">Contact Us<\/h2>\n\t\t\t\t\n\t\t\t\t\t\t\t\t<\/div>\n\n\t\t\t\t<\/div>\n\t\t\t\t<\/div>\n\t\t\t\t<div class=\"elementor-element elementor-element-2e41a6f elementor-widget elementor-widget-shortcode\" data-id=\"2e41a6f\" data-element_type=\"widget\" data-widget_type=\"shortcode.default\">\n\t\t\t\t<div class=\"elementor-widget-container\">\n\t\t\t\t\t<div class=\"elementor-shortcode\">\n<div class=\"wpcf7 no-js\" id=\"wpcf7-f5252-o1\" lang=\"tr-TR\" dir=\"ltr\">\n<div class=\"screen-reader-response\"><p role=\"status\" aria-live=\"polite\" aria-atomic=\"true\"><\/p> <ul><\/ul><\/div>\n<form action=\"\/en\/wp-json\/wp\/v2\/pages\/5229\/#wpcf7-f5252-o1\" method=\"post\" class=\"wpcf7-form init\" aria-label=\"Contact form\" novalidate=\"novalidate\" data-status=\"init\">\n<div style=\"display: none;\">\n<input type=\"hidden\" name=\"_wpcf7\" value=\"5252\" \/>\n<input type=\"hidden\" name=\"_wpcf7_version\" value=\"5.8.2\" \/>\n<input type=\"hidden\" name=\"_wpcf7_locale\" value=\"tr_TR\" \/>\n<input type=\"hidden\" name=\"_wpcf7_unit_tag\" value=\"wpcf7-f5252-o1\" \/>\n<input type=\"hidden\" name=\"_wpcf7_container_post\" value=\"0\" \/>\n<input type=\"hidden\" name=\"_wpcf7_posted_data_hash\" value=\"\" \/>\n<\/div>\n<p><label> Name<br \/>\n<span class=\"wpcf7-form-control-wrap\" data-name=\"your-name\"><input size=\"40\" class=\"wpcf7-form-control wpcf7-text wpcf7-validates-as-required\" autocomplete=\"name\" aria-required=\"true\" aria-invalid=\"false\" value=\"\" type=\"text\" name=\"your-name\" \/><\/span> <\/label>\n<\/p>\n<p><label> Your Email Address<br \/>\n<span class=\"wpcf7-form-control-wrap\" data-name=\"your-email\"><input size=\"40\" class=\"wpcf7-form-control wpcf7-email wpcf7-validates-as-required wpcf7-text wpcf7-validates-as-email\" autocomplete=\"email\" aria-required=\"true\" aria-invalid=\"false\" value=\"\" type=\"email\" name=\"your-email\" \/><\/span> <\/label>\n<\/p>\n<p><label> Your phone number<br \/>\n<span class=\"wpcf7-form-control-wrap\" data-name=\"your-tel\"><input size=\"40\" class=\"wpcf7-form-control wpcf7-tel wpcf7-validates-as-required wpcf7-text wpcf7-validates-as-tel\" autocomplete=\"tel\" aria-required=\"true\" aria-invalid=\"false\" value=\"\" type=\"tel\" name=\"your-tel\" \/><\/span> <\/label>\n<\/p>\n<p><label> Subject<br \/>\n<span class=\"wpcf7-form-control-wrap\" data-name=\"your-subject\"><input size=\"40\" class=\"wpcf7-form-control wpcf7-text wpcf7-validates-as-required\" aria-required=\"true\" aria-invalid=\"false\" value=\"\" type=\"text\" name=\"your-subject\" \/><\/span> <\/label>\n<\/p>\n<p><label> Your message<br \/>\n<span class=\"wpcf7-form-control-wrap\" data-name=\"your-message\"><textarea cols=\"40\" rows=\"10\" class=\"wpcf7-form-control wpcf7-textarea\" aria-invalid=\"false\" name=\"your-message\"><\/textarea><\/span> <\/label>\n<\/p>\n<p><input class=\"wpcf7-form-control wpcf7-submit has-spinner\" type=\"submit\" value=\"Send\" \/>\n<\/p><p style=\"display: none !important;\"><label>&#916;<textarea name=\"_wpcf7_ak_hp_textarea\" cols=\"45\" rows=\"8\" maxlength=\"100\"><\/textarea><\/label><input type=\"hidden\" id=\"ak_js_1\" name=\"_wpcf7_ak_js\" value=\"1\"\/><script>document.getElementById( \"ak_js_1\" ).setAttribute( \"value\", ( new Date() ).getTime() );<\/script><\/p><input type='hidden' class='wpcf7-pum' value='{\"closepopup\":false,\"closedelay\":0,\"openpopup\":false,\"openpopup_id\":0}' \/><div class=\"wpcf7-response-output\" aria-hidden=\"true\"><\/div>\n<\/form>\n<\/div>\n<\/div>\n\t\t\t\t<\/div>\n\t\t\t\t<\/div>\n\t\t\t\t\t<\/div>\n\t\t<\/div>\n\t\t\t\t\t\t\t<\/div>\n\t\t<\/section>\n\t\t\t\t\t<\/div>\n\t\t<\/div>\n\t\t\t\t\t\t\t<\/div>\n\t\t<\/section>\n\t\t\t\t<section class=\"elementor-section elementor-top-section elementor-element elementor-element-cb81a8f elementor-section-boxed elementor-section-height-default elementor-section-height-default\" data-id=\"cb81a8f\" data-element_type=\"section\">\n\t\t\t\t\t\t<div class=\"elementor-container elementor-column-gap-no\">\n\t\t\t\t\t<div class=\"elementor-column elementor-col-100 elementor-top-column elementor-element elementor-element-4b041dd\" data-id=\"4b041dd\" data-element_type=\"column\">\n\t\t\t<div class=\"elementor-widget-wrap elementor-element-populated\">\n\t\t\t\t\t\t\t\t<div class=\"elementor-element elementor-element-a28a167 elementor-widget elementor-widget-google_maps\" data-id=\"a28a167\" data-element_type=\"widget\" data-widget_type=\"google_maps.default\">\n\t\t\t\t<div class=\"elementor-widget-container\">\n\t\t\t<style>\/*! elementor - v3.17.0 - 01-11-2023 *\/\n.elementor-widget-google_maps .elementor-widget-container{overflow:hidden}.elementor-widget-google_maps .elementor-custom-embed{line-height:0}.elementor-widget-google_maps iframe{height:300px}<\/style>\t\t<div class=\"elementor-custom-embed\">\n\t\t\t<iframe loading=\"lazy\"\n\t\t\t\t\tsrc=\"https:\/\/maps.google.com\/maps?q=Wyndham%20Afyonkarahisar%20Thermal%20%26%20Spa&#038;t=m&#038;z=13&#038;output=embed&#038;iwloc=near\"\n\t\t\t\t\ttitle=\"Wyndham Afyonkarahisar Thermal &amp; Spa\"\n\t\t\t\t\taria-label=\"Wyndham Afyonkarahisar Thermal &amp; Spa\"\n\t\t\t><\/iframe>\n\t\t<\/div>\n\t\t\t\t<\/div>\n\t\t\t\t<\/div>\n\t\t\t\t\t<\/div>\n\t\t<\/div>\n\t\t\t\t\t\t\t<\/div>\n\t\t<\/section>\n\t\t\t\t\t\t\t<\/div>\n\t\t","protected":false},"excerpt":{"rendered":"<p>Contact Afyonkarahisar Afyonkarahisar Address H\u00fcrriyet Mahallesi Atat\u00fcrk Bulvar\u0131 No:20 Erkmen Belediyesi \/Afyonkarahisar 03211 E-mail info@wyndhamafyonkarahisar.com Reservation Line 0272 246 46 66 Hotel Communication Line +90 (272) 246 3090 Contact Us<\/p>\n","protected":false},"author":1,"featured_media":0,"parent":0,"menu_order":0,"comment_status":"closed","ping_status":"closed","template":"elementor_header_footer","meta":{"inline_featured_image":false,"_monsterinsights_skip_tracking":false,"_monsterinsights_sitenote_active":false,"_monsterinsights_sitenote_note":"","_monsterinsights_sitenote_category":0,"footnotes":""},"class_list":["post-5229","page","type-page","status-publish","hentry"],"aioseo_notices":[],"_links":{"self":[{"href":"https:\/\/www.wyndhamafyonkarahisar.com\/en\/wp-json\/wp\/v2\/pages\/5229\/"}],"collection":[{"href":"https:\/\/www.wyndhamafyonkarahisar.com\/en\/wp-json\/wp\/v2\/pages\/"}],"about":[{"href":"https:\/\/www.wyndhamafyonkarahisar.com\/en\/wp-json\/wp\/v2\/types\/page\/"}],"author":[{"embeddable":true,"href":"https:\/\/www.wyndhamafyonkarahisar.com\/en\/wp-json\/wp\/v2\/users\/1\/"}],"replies":[{"embeddable":true,"href":"https:\/\/www.wyndhamafyonkarahisar.com\/en\/wp-json\/wp\/v2\/comments\/?post=5229"}],"version-history":[{"count":10,"href":"https:\/\/www.wyndhamafyonkarahisar.com\/en\/wp-json\/wp\/v2\/pages\/5229\/revisions\/"}],"predecessor-version":[{"id":5255,"href":"https:\/\/www.wyndhamafyonkarahisar.com\/en\/wp-json\/wp\/v2\/pages\/5229\/revisions\/5255\/"}],"wp:attachment":[{"href":"https:\/\/www.wyndhamafyonkarahisar.com\/en\/wp-json\/wp\/v2\/media\/?parent=5229"}],"curies":[{"name":"wp","href":"https:\/\/api.w.org\/{rel}","templated":true}]}}