{"id":4549,"date":"2023-10-20T13:55:50","date_gmt":"2023-10-20T10:55:50","guid":{"rendered":"https:\/\/www.wyndhamafyonkarahisar.com\/?page_id=4549"},"modified":"2025-02-03T15:28:50","modified_gmt":"2025-02-03T12:28:50","slug":"diger-hizmetler","status":"publish","type":"page","link":"https:\/\/www.wyndhamafyonkarahisar.com\/tr\/hizmetler\/diger-hizmetler\/","title":{"rendered":"Di\u011fer Hizmetler"},"content":{"rendered":"\t\t<div data-elementor-type=\"wp-page\" data-elementor-id=\"4549\" class=\"elementor elementor-4549\">\n\t\t\t\t\t\t\t\t\t<section class=\"elementor-section elementor-top-section elementor-element elementor-element-99ec961 elementor-section-boxed elementor-section-height-default elementor-section-height-default\" data-id=\"99ec961\" data-element_type=\"section\">\n\t\t\t\t\t\t<div class=\"elementor-container elementor-column-gap-default\">\n\t\t\t\t\t<div class=\"elementor-column elementor-col-100 elementor-top-column elementor-element elementor-element-8343df3\" data-id=\"8343df3\" data-element_type=\"column\">\n\t\t\t<div class=\"elementor-widget-wrap elementor-element-populated\">\n\t\t\t\t\t\t\t\t<div class=\"elementor-element elementor-element-127a601 elementor-widget elementor-widget-qomfort_elementor_heading\" data-id=\"127a601\" data-element_type=\"widget\" data-widget_type=\"qomfort_elementor_heading.default\">\n\t\t\t\t<div class=\"elementor-widget-container\">\n\t\t\t\n\t\t<div class=\"ova-heading\">\n\t\t\t\t\t\t\n\t\t\t\t\t\t\t\t\t<h2 class=\"title\">KAR\u015eILAMA & U\u011eURLAMA<\/h2>\n\t\t\t\t\n\t\t\t\t\t\t\t\t\t\t<p class=\"desc\">Mevsimine g\u00f6re s\u0131cak ve so\u011fuk havlu ile kar\u015f\u0131lama\nGiri\u015fte el yap\u0131m\u0131 \u00e7ikolata sunumu ve ikram\u0131\nGiri\u015f i\u015flemleri esnas\u0131nda misafir tercihine g\u00f6re s\u0131cak ya da so\u011fuk i\u00e7ecek ikram\u0131\nGiri\u015f yapan t\u00fcm misafirlerin odalar\u0131na e\u015flik edilmesi\nGiri\u015f g\u00fcn\u00fcnde el yap\u0131m\u0131 y\u00f6resel ikramlar\nYa\u011f\u0131\u015fl\u0131 g\u00fcnlerde \u015femsiye hizmeti\nVale servisi \u00fccretsiz otopark &amp; ara\u00e7 y\u0131kama ( talep \u00fczerine\/\u00fccretli)\nArac\u0131 ile gelen konuklara \u00e7\u0131k\u0131\u015f esnas\u0131nda ara\u00e7lar\u0131na su ve Wyndham ara\u00e7 parf\u00fcm\u00fc konulmas\u0131\n<\/p>\n\t\t\t\t\t<\/div>\n\n\t\t\t\t<\/div>\n\t\t\t\t<\/div>\n\t\t\t\t<div class=\"elementor-element elementor-element-72de30b elementor-widget elementor-widget-qomfort_elementor_heading\" data-id=\"72de30b\" data-element_type=\"widget\" data-widget_type=\"qomfort_elementor_heading.default\">\n\t\t\t\t<div class=\"elementor-widget-container\">\n\t\t\t\n\t\t<div class=\"ova-heading\">\n\t\t\t\t\t\t\n\t\t\t\t\t\t\t\t\t<h2 class=\"title\">D\u0130\u011eER H\u0130ZMETLER<\/h2>\n\t\t\t\t\n\t\t\t\t\t\t\t\t\t\t<p class=\"desc\">Erken giri\u015f ve ge\u00e7 \u00e7\u0131k\u0131\u015flarda du\u015f ve kilitli dolaplar\u0131n oldu\u011fu \u00f6zel dinlenme odas\u0131 (spa lounge)\nT\u00fcm alanlarda y\u00fcksek h\u0131zda kablosuz internet\nFitness salonu\nGame center<\/p>\n\t\t\t\t\t<\/div>\n\n\t\t\t\t<\/div>\n\t\t\t\t<\/div>\n\t\t\t\t<div class=\"elementor-element elementor-element-61a7233 elementor-widget elementor-widget-qomfort_elementor_heading\" data-id=\"61a7233\" data-element_type=\"widget\" data-widget_type=\"qomfort_elementor_heading.default\">\n\t\t\t\t<div class=\"elementor-widget-container\">\n\t\t\t\n\t\t<div class=\"ova-heading\">\n\t\t\t\t\t\t\n\t\t\t\t\t\t\t\t\t<h2 class=\"title\">\u00dcCRETL\u0130 D\u0130\u011eER SERV\u0130SLER<\/h2>\n\t\t\t\t\n\t\t\t\t\t\t\t\t\t\t<p class=\"desc\">A\u2019la carte ak\u015fam yeme\u011fi(rezervasyonlu)\nA\u2019la carte kahvalt\u0131\nA\u2019la carte hizmetler\nBebek bak\u0131c\u0131l\u0131\u011f\u0131(en az 12 ayl\u0131k bebekler i\u00e7in)\nSpa hizmetleri(masaj ve bak\u0131mlar )\nOyun salonu\n\u00c7ama\u015f\u0131rhane hizmetleri (\u00fct\u00fc ve kuru temizleme)\nHavaalan\u0131 transferi\nOdalara bulunan minibarlar\nDoktor ve hem\u015fire hizmetleri\nGiri\u015f g\u00fcn\u00fcnde al\u0131nacak olan kahvalt\u0131\nResepsiyon da kasa\nOda servisi(7\/24)\nErken giri\u015f\/ge\u00e7 \u00e7\u0131k\u0131\u015f talepleri\nSnack servis\n\u00d6zel kav\u0131m\u0131zda se\u00e7me \u015faraplar\nTaze s\u0131k\u0131lm\u0131\u015f meyve sular\u0131\nNargile\nOtelde a\u00e7\u0131k olan barlar ve sat\u0131\u015f birimlerinde ki konsept d\u0131\u015f\u0131ndaki alkoll\u00fc ve alkols\u00fcz t\u00fcm i\u00e7ecekler\n\u00d6zel organizasyonlar\nTelefon\/fotokopi\nMasaj Se\u00e7enekleri,Y\u00fcz ve Cilt Bak\u0131mlar\u0131\nFoto\u011fraf hizmeti\n\u00d6zel Aile Banyolar\u0131,Tuz Odas\u0131<\/p>\n\t\t\t\t\t<\/div>\n\n\t\t\t\t<\/div>\n\t\t\t\t<\/div>\n\t\t\t\t<div class=\"elementor-element elementor-element-2683f9d elementor-widget elementor-widget-qomfort_elementor_heading\" data-id=\"2683f9d\" data-element_type=\"widget\" data-widget_type=\"qomfort_elementor_heading.default\">\n\t\t\t\t<div class=\"elementor-widget-container\">\n\t\t\t\n\t\t<div class=\"ova-heading\">\n\t\t\t\t\t\t\n\t\t\t\t\t\t\t\t\t<h2 class=\"title\">\u0130STEK \u00dcZER\u0130NE<\/h2>\n\t\t\t\t\n\t\t\t\t\t\t\t\t\t\t<p class=\"desc\">Odaya \u015eemsiye\nOdaya \u00c7alar Saat\n\u0130ngiliz Prizi\n<\/p>\n\t\t\t\t\t<\/div>\n\n\t\t\t\t<\/div>\n\t\t\t\t<\/div>\n\t\t\t\t<div class=\"elementor-element elementor-element-292e0de elementor-widget elementor-widget-qomfort_elementor_heading\" data-id=\"292e0de\" data-element_type=\"widget\" data-widget_type=\"qomfort_elementor_heading.default\">\n\t\t\t\t<div class=\"elementor-widget-container\">\n\t\t\t\n\t\t<div class=\"ova-heading\">\n\t\t\t\t\t\t\n\t\t\t\t\t\t\t\t\t<h2 class=\"title\">EVC\u0130L HAYVANLAR ( *Ge\u00e7ici olarak hizmet d\u0131\u015f\u0131 )<\/h2>\n\t\t\t\t\n\t\t\t\t\t\t\t\t\t\t<p class=\"desc\">Tesis bah\u00e7esinde 7 Adet evcil hayvan bar\u0131na\u011f\u0131 mevcuttur.Evcil hayvanlar lobby, koridorlar, odalar gibi genel alanlarda bulundurulmayacak. Sadece evcil hayvan bar\u0131na\u011f\u0131nda muhafaza edilecektir.\n<\/p>\n\t\t\t\t\t<\/div>\n\n\t\t\t\t<\/div>\n\t\t\t\t<\/div>\n\t\t\t\t<div class=\"elementor-element elementor-element-5ce2aca elementor-widget elementor-widget-qomfort_elementor_heading\" data-id=\"5ce2aca\" data-element_type=\"widget\" data-widget_type=\"qomfort_elementor_heading.default\">\n\t\t\t\t<div class=\"elementor-widget-container\">\n\t\t\t\n\t\t<div class=\"ova-heading\">\n\t\t\t\t\t\t\n\t\t\t\t\t\t\t\t\t<h2 class=\"title\">VOLTRUN ARA\u00c7 \u015eARJ \u0130STASYONU<\/h2>\n\t\t\t\t\n\t\t\t\t\t\t\t\t\t\t<p class=\"desc\">Avrupa Birli\u011fi taraf\u0131ndan kabul edilen EN61851 standard\u0131na uygun t\u00fcm elektrikli ve plug-in hibrit ara\u00e7lar ile uyumludur. Bir duvar prizinden 8 kata kadar daha h\u0131zl\u0131 \u015farj edebilir ve 1 saatlik \u015farj s\u00fcresinde 100 km seyahat edebilecek kadar g\u00fc\u00e7 \u00fcretir. Harita<\/p>\n\t\t\t\t\t<\/div>\n\n\t\t\t\t<\/div>\n\t\t\t\t<\/div>\n\t\t\t\t\t<\/div>\n\t\t<\/div>\n\t\t\t\t\t\t\t<\/div>\n\t\t<\/section>\n\t\t\t\t\t\t\t<\/div>\n\t\t","protected":false},"excerpt":{"rendered":"<p>KAR\u015eILAMA &#038; U\u011eURLAMA Mevsimine g\u00f6re s\u0131cak ve so\u011fuk havlu ile kar\u015f\u0131lama Giri\u015fte el yap\u0131m\u0131 \u00e7ikolata sunumu ve ikram\u0131 Giri\u015f i\u015flemleri esnas\u0131nda misafir tercihine g\u00f6re s\u0131cak ya da so\u011fuk i\u00e7ecek ikram\u0131 Giri\u015f yapan t\u00fcm misafirlerin odalar\u0131na e\u015flik edilmesi Giri\u015f g\u00fcn\u00fcnde el yap\u0131m\u0131 y\u00f6resel ikramlar Ya\u011f\u0131\u015fl\u0131 g\u00fcnlerde \u015femsiye hizmeti Vale servisi \u00fccretsiz otopark &amp; ara\u00e7 y\u0131kama ( [&hellip;]<\/p>\n","protected":false},"author":1,"featured_media":0,"parent":426,"menu_order":0,"comment_status":"closed","ping_status":"closed","template":"elementor_header_footer","meta":{"inline_featured_image":false,"_monsterinsights_skip_tracking":false,"_monsterinsights_sitenote_active":false,"_monsterinsights_sitenote_note":"","_monsterinsights_sitenote_category":0,"footnotes":""},"class_list":["post-4549","page","type-page","status-publish","hentry"],"aioseo_notices":[],"_links":{"self":[{"href":"https:\/\/www.wyndhamafyonkarahisar.com\/tr\/wp-json\/wp\/v2\/pages\/4549\/"}],"collection":[{"href":"https:\/\/www.wyndhamafyonkarahisar.com\/tr\/wp-json\/wp\/v2\/pages\/"}],"about":[{"href":"https:\/\/www.wyndhamafyonkarahisar.com\/tr\/wp-json\/wp\/v2\/types\/page\/"}],"author":[{"embeddable":true,"href":"https:\/\/www.wyndhamafyonkarahisar.com\/tr\/wp-json\/wp\/v2\/users\/1\/"}],"replies":[{"embeddable":true,"href":"https:\/\/www.wyndhamafyonkarahisar.com\/tr\/wp-json\/wp\/v2\/comments\/?post=4549"}],"version-history":[{"count":8,"href":"https:\/\/www.wyndhamafyonkarahisar.com\/tr\/wp-json\/wp\/v2\/pages\/4549\/revisions\/"}],"predecessor-version":[{"id":5537,"href":"https:\/\/www.wyndhamafyonkarahisar.com\/tr\/wp-json\/wp\/v2\/pages\/4549\/revisions\/5537\/"}],"up":[{"embeddable":true,"href":"https:\/\/www.wyndhamafyonkarahisar.com\/tr\/wp-json\/wp\/v2\/pages\/426\/"}],"wp:attachment":[{"href":"https:\/\/www.wyndhamafyonkarahisar.com\/tr\/wp-json\/wp\/v2\/media\/?parent=4549"}],"curies":[{"name":"wp","href":"https:\/\/api.w.org\/{rel}","templated":true}]}}