{"id":4582,"date":"2023-10-20T14:22:53","date_gmt":"2023-10-20T11:22:53","guid":{"rendered":"https:\/\/www.wyndhamafyonkarahisar.com\/?page_id=4582"},"modified":"2024-03-08T18:29:28","modified_gmt":"2024-03-08T15:29:28","slug":"toplanti-ve-balo-salonlari","status":"publish","type":"page","link":"https:\/\/www.wyndhamafyonkarahisar.com\/tr\/hizmetler\/toplanti-ve-balo-salonlari\/","title":{"rendered":"Toplanti Ve Balo Salonlari"},"content":{"rendered":"\t\t<div data-elementor-type=\"wp-page\" data-elementor-id=\"4582\" class=\"elementor elementor-4582\">\n\t\t\t\t\t\t\t\t\t<section class=\"elementor-section elementor-top-section elementor-element elementor-element-a6642ad elementor-section-content-bottom elementor-section-boxed elementor-section-height-default elementor-section-height-default\" data-id=\"a6642ad\" data-element_type=\"section\">\n\t\t\t\t\t\t<div class=\"elementor-container elementor-column-gap-default\">\n\t\t\t\t\t<div class=\"elementor-column elementor-col-100 elementor-top-column elementor-element elementor-element-c19983a\" data-id=\"c19983a\" data-element_type=\"column\">\n\t\t\t<div class=\"elementor-widget-wrap elementor-element-populated\">\n\t\t\t\t\t\t\t\t<div class=\"elementor-element elementor-element-7c0c3a3 elementor-widget elementor-widget-qomfort_elementor_heading\" data-id=\"7c0c3a3\" data-element_type=\"widget\" data-widget_type=\"qomfort_elementor_heading.default\">\n\t\t\t\t<div class=\"elementor-widget-container\">\n\t\t\t\n\t\t<div class=\"ova-heading\">\n\t\t\t\t\t\t\n\t\t\t\t\t\t\t\t\t<h2 class=\"title\">Toplanti Ve Balo Salonlari<\/h2>\n\t\t\t\t\n\t\t\t\t\t\t\t\t\t\t<p class=\"desc\">Wyndham Afyonkarahisar Thermal &amp; Spa, Toplant\u0131 ve Balo salonlar\u0131nda; Y\u0131l boyunca i\u015f toplant\u0131lar\u0131, otomobil ve ticari ara\u00e7 tan\u0131t\u0131m lansmanlar\u0131, konserler, kongreler, fuarlar, seminerler, ni\u015fan, s\u00fcnnet, balo, gala geceleri ve yemekli yada pasta ikraml\u0131 d\u00fc\u011f\u00fcnler ile pek \u00e7ok ulusal sanat\u00e7\u0131y\u0131 konuk etti\u011fimiz \u00f6zel etkinlikler d\u00fczenlenmektedir.\n\nUla\u015f\u0131m kolayl\u0131\u011f\u0131, kolonsuz y\u00fcksek ve ferah salonlar, ses akusti\u011fi, kaliteli servis sunum ve lezzetli yemekler ile Afyonkarahisar\u00b4da \u00f6n plana \u00e7\u0131kan Toplant\u0131 ve Balo salonlar\u0131nda, de\u011ferli misafirlerinizi a\u011f\u0131rlay\u0131p ev sahipli\u011fi yapmaktan onur duyar\u0131z.\n\nKonferans, toplant\u0131 ve organizasyonlar i\u00e7in salonlar\u0131m\u0131z en son teknolojik donan\u0131mlara sahiptir. Salonlar\u0131m\u0131z\u0131 destekleyen \u00fcnitelerimizden, bebek bak\u0131m\u0131, gelin-damat ve dinlenme odas\u0131, \u00e7ocuk kre\u015fi, sanat\u00e7\u0131 ve orkestra kulisleri Wyndham Afyonkarahisar Termal Spa\u00b4da sunulan ayr\u0131cal\u0131klardan sadece birka\u00e7\u0131\u2026\n\n<\/p>\n\t\t\t\t\t<\/div>\n\n\t\t\t\t<\/div>\n\t\t\t\t<\/div>\n\t\t\t\t<div class=\"elementor-element elementor-element-f564a57 elementor-widget elementor-widget-text-editor\" data-id=\"f564a57\" data-element_type=\"widget\" data-widget_type=\"text-editor.default\">\n\t\t\t\t<div class=\"elementor-widget-container\">\n\t\t\t<style>\/*! elementor - v3.17.0 - 01-11-2023 *\/\n.elementor-widget-text-editor.elementor-drop-cap-view-stacked .elementor-drop-cap{background-color:#69727d;color:#fff}.elementor-widget-text-editor.elementor-drop-cap-view-framed .elementor-drop-cap{color:#69727d;border:3px solid;background-color:transparent}.elementor-widget-text-editor:not(.elementor-drop-cap-view-default) .elementor-drop-cap{margin-top:8px}.elementor-widget-text-editor:not(.elementor-drop-cap-view-default) .elementor-drop-cap-letter{width:1em;height:1em}.elementor-widget-text-editor .elementor-drop-cap{float:left;text-align:center;line-height:1;font-size:50px}.elementor-widget-text-editor .elementor-drop-cap-letter{display:inline-block}<\/style>\t\t\t\t<table border=\"1\" cellspacing=\"0\" cellpadding=\"1\"><tbody><tr><td><strong>SALON<\/strong><\/td><td><strong>EBAT<\/strong><\/td><td><strong>Y\u00dcKSEKL\u0130K<\/strong><\/td><td><strong>M2<\/strong><\/td><td><strong>T\u0130YATRO D\u00dcZEN\u0130<\/strong><\/td><td><strong>SINIF D\u00dcZEN\u0130<\/strong><\/td><td><strong>BANKET D\u00dcZEN\u0130<\/strong><\/td><td><strong>KOKTEYL D\u00dcZEN\u0130<\/strong><\/td><td><strong>U D\u00dcZEN\u0130<\/strong><\/td><\/tr><tr><td>KOCATEPE<\/td><td>25&#215;40 m<\/td><td>6 m<\/td><td>1000<\/td><td>1100<\/td><td>450<\/td><td>800<\/td><td>900<\/td><td>166<\/td><\/tr><tr><td>DUMLUPINAR<\/td><td>11&#215;35<\/td><td>6 m<\/td><td>400<\/td><td>400<\/td><td>200<\/td><td>320<\/td><td>350<\/td><td>70<\/td><\/tr><tr><td>FUAYE<\/td><td>10&#215;38<\/td><td>&#8211;<\/td><td>400<\/td><td>&#8211;<\/td><td>&#8211;<\/td><td>&#8211;<\/td><td>&#8211;<\/td><td>&#8211;<\/td><\/tr><tr><td>FR\u0130GYA 1<\/td><td>7&#215;15<\/td><td>2.7<\/td><td>116<\/td><td>100<\/td><td>70<\/td><td>70<\/td><td>90<\/td><td>40<\/td><\/tr><tr><td>FR\u0130GYA 2<\/td><td>7&#215;15<\/td><td>2.7<\/td><td>116<\/td><td>100<\/td><td>70<\/td><td>70<\/td><td>90<\/td><td>40<\/td><\/tr><tr><td colspan=\"9\"><strong>A\u00c7IK ALAN OLAN MEKANLAR<\/strong><\/td><\/tr><tr><td>KONGRE MERKEZ\u0130 \u00d6N\u00dcFUAYE<\/td><td>50X60<\/td><td>&#8211;<\/td><td>3000<\/td><td>&#8211;<\/td><td>3300<\/td><td>2400<\/td><td>&#8211;<\/td><td>&#8211;<\/td><\/tr><\/tbody><\/table>\t\t\t\t\t\t<\/div>\n\t\t\t\t<\/div>\n\t\t\t\t<div class=\"elementor-element elementor-element-cad37a8 elementor-arrows-position-inside elementor-widget elementor-widget-image-carousel\" data-id=\"cad37a8\" data-element_type=\"widget\" data-settings=\"{&quot;slides_to_show&quot;:&quot;1&quot;,&quot;navigation&quot;:&quot;arrows&quot;,&quot;autoplay&quot;:&quot;yes&quot;,&quot;pause_on_hover&quot;:&quot;yes&quot;,&quot;pause_on_interaction&quot;:&quot;yes&quot;,&quot;autoplay_speed&quot;:5000,&quot;infinite&quot;:&quot;yes&quot;,&quot;effect&quot;:&quot;slide&quot;,&quot;speed&quot;:500}\" data-widget_type=\"image-carousel.default\">\n\t\t\t\t<div class=\"elementor-widget-container\">\n\t\t\t<style>\/*! elementor - v3.17.0 - 01-11-2023 *\/\n.elementor-widget-image-carousel .swiper,.elementor-widget-image-carousel .swiper-container{position:static}.elementor-widget-image-carousel .swiper-container .swiper-slide figure,.elementor-widget-image-carousel .swiper .swiper-slide figure{line-height:inherit}.elementor-widget-image-carousel .swiper-slide{text-align:center}.elementor-image-carousel-wrapper:not(.swiper-container-initialized):not(.swiper-initialized) .swiper-slide{max-width:calc(100% \/ var(--e-image-carousel-slides-to-show, 3))}<\/style>\t\t<div class=\"elementor-image-carousel-wrapper swiper\" dir=\"ltr\">\n\t\t\t<div class=\"elementor-image-carousel swiper-wrapper\" aria-live=\"off\">\n\t\t\t\t\t\t\t\t<div class=\"swiper-slide\" role=\"group\" aria-roledescription=\"slide\" aria-label=\"1 \/ 3\"><figure class=\"swiper-slide-inner\"><img decoding=\"async\" class=\"swiper-slide-image\" src=\"https:\/\/www.wyndhamafyonkarahisar.com\/wp-content\/uploads\/2023\/10\/939-asdasfasc.jpeg\" alt=\"939-asdasfasc\" \/><\/figure><\/div><div class=\"swiper-slide\" role=\"group\" aria-roledescription=\"slide\" aria-label=\"2 \/ 3\"><figure class=\"swiper-slide-inner\"><img decoding=\"async\" class=\"swiper-slide-image\" src=\"https:\/\/www.wyndhamafyonkarahisar.com\/wp-content\/uploads\/2023\/10\/475-asfaqwraf.jpeg\" alt=\"475-asfaqwraf\" \/><\/figure><\/div><div class=\"swiper-slide\" role=\"group\" aria-roledescription=\"slide\" aria-label=\"3 \/ 3\"><figure class=\"swiper-slide-inner\"><img decoding=\"async\" class=\"swiper-slide-image\" src=\"https:\/\/www.wyndhamafyonkarahisar.com\/wp-content\/uploads\/2023\/10\/589-asfasfasf.jpeg\" alt=\"589-asfasfasf\" \/><\/figure><\/div>\t\t\t<\/div>\n\t\t\t\t\t\t\t\t\t\t\t\t<div class=\"elementor-swiper-button elementor-swiper-button-prev\" role=\"button\" tabindex=\"0\">\n\t\t\t\t\t\t<i aria-hidden=\"true\" class=\"eicon-chevron-left\"><\/i>\t\t\t\t\t<\/div>\n\t\t\t\t\t<div class=\"elementor-swiper-button elementor-swiper-button-next\" role=\"button\" tabindex=\"0\">\n\t\t\t\t\t\t<i aria-hidden=\"true\" class=\"eicon-chevron-right\"><\/i>\t\t\t\t\t<\/div>\n\t\t\t\t\n\t\t\t\t\t\t\t\t\t<\/div>\n\t\t\t\t<\/div>\n\t\t\t\t<\/div>\n\t\t\t\t\t<\/div>\n\t\t<\/div>\n\t\t\t\t\t\t\t<\/div>\n\t\t<\/section>\n\t\t\t\t\t\t\t<\/div>\n\t\t","protected":false},"excerpt":{"rendered":"<p>Toplanti Ve Balo Salonlari Wyndham Afyonkarahisar Thermal &amp; Spa, Toplant\u0131 ve Balo salonlar\u0131nda; Y\u0131l boyunca i\u015f toplant\u0131lar\u0131, otomobil ve ticari ara\u00e7 tan\u0131t\u0131m lansmanlar\u0131, konserler, kongreler, fuarlar, seminerler, ni\u015fan, s\u00fcnnet, balo, gala geceleri ve yemekli yada pasta ikraml\u0131 d\u00fc\u011f\u00fcnler ile pek \u00e7ok ulusal sanat\u00e7\u0131y\u0131 konuk etti\u011fimiz \u00f6zel etkinlikler d\u00fczenlenmektedir. Ula\u015f\u0131m kolayl\u0131\u011f\u0131, kolonsuz y\u00fcksek ve ferah salonlar, [&hellip;]<\/p>\n","protected":false},"author":1,"featured_media":0,"parent":426,"menu_order":0,"comment_status":"closed","ping_status":"closed","template":"elementor_header_footer","meta":{"inline_featured_image":false,"_monsterinsights_skip_tracking":false,"_monsterinsights_sitenote_active":false,"_monsterinsights_sitenote_note":"","_monsterinsights_sitenote_category":0,"footnotes":""},"class_list":["post-4582","page","type-page","status-publish","hentry"],"aioseo_notices":[],"_links":{"self":[{"href":"https:\/\/www.wyndhamafyonkarahisar.com\/tr\/wp-json\/wp\/v2\/pages\/4582\/"}],"collection":[{"href":"https:\/\/www.wyndhamafyonkarahisar.com\/tr\/wp-json\/wp\/v2\/pages\/"}],"about":[{"href":"https:\/\/www.wyndhamafyonkarahisar.com\/tr\/wp-json\/wp\/v2\/types\/page\/"}],"author":[{"embeddable":true,"href":"https:\/\/www.wyndhamafyonkarahisar.com\/tr\/wp-json\/wp\/v2\/users\/1\/"}],"replies":[{"embeddable":true,"href":"https:\/\/www.wyndhamafyonkarahisar.com\/tr\/wp-json\/wp\/v2\/comments\/?post=4582"}],"version-history":[{"count":6,"href":"https:\/\/www.wyndhamafyonkarahisar.com\/tr\/wp-json\/wp\/v2\/pages\/4582\/revisions\/"}],"predecessor-version":[{"id":5180,"href":"https:\/\/www.wyndhamafyonkarahisar.com\/tr\/wp-json\/wp\/v2\/pages\/4582\/revisions\/5180\/"}],"up":[{"embeddable":true,"href":"https:\/\/www.wyndhamafyonkarahisar.com\/tr\/wp-json\/wp\/v2\/pages\/426\/"}],"wp:attachment":[{"href":"https:\/\/www.wyndhamafyonkarahisar.com\/tr\/wp-json\/wp\/v2\/media\/?parent=4582"}],"curies":[{"name":"wp","href":"https:\/\/api.w.org\/{rel}","templated":true}]}}