{"id":5121,"date":"2024-01-26T16:48:25","date_gmt":"2024-01-26T13:48:25","guid":{"rendered":"https:\/\/www.wyndhamafyonkarahisar.com\/?page_id=5121"},"modified":"2024-01-26T16:54:54","modified_gmt":"2024-01-26T13:54:54","slug":"kvkk","status":"publish","type":"page","link":"https:\/\/www.wyndhamafyonkarahisar.com\/tr\/kvkk\/","title":{"rendered":"KVKK"},"content":{"rendered":"\t\t<div data-elementor-type=\"wp-page\" data-elementor-id=\"5121\" class=\"elementor elementor-5121\">\n\t\t\t\t\t\t\t<div class=\"elementor-element elementor-element-aae364c e-flex e-con-boxed e-con e-parent\" data-id=\"aae364c\" data-element_type=\"container\" data-settings=\"{&quot;content_width&quot;:&quot;boxed&quot;}\" data-core-v316-plus=\"true\">\n\t\t\t\t\t<div class=\"e-con-inner\">\n\t\t\t\t<div class=\"elementor-element elementor-element-27eb0b3 elementor-widget elementor-widget-text-editor\" data-id=\"27eb0b3\" data-element_type=\"widget\" data-widget_type=\"text-editor.default\">\n\t\t\t\t<div class=\"elementor-widget-container\">\n\t\t\t<style>\/*! elementor - v3.17.0 - 01-11-2023 *\/\n.elementor-widget-text-editor.elementor-drop-cap-view-stacked .elementor-drop-cap{background-color:#69727d;color:#fff}.elementor-widget-text-editor.elementor-drop-cap-view-framed .elementor-drop-cap{color:#69727d;border:3px solid;background-color:transparent}.elementor-widget-text-editor:not(.elementor-drop-cap-view-default) .elementor-drop-cap{margin-top:8px}.elementor-widget-text-editor:not(.elementor-drop-cap-view-default) .elementor-drop-cap-letter{width:1em;height:1em}.elementor-widget-text-editor .elementor-drop-cap{float:left;text-align:center;line-height:1;font-size:50px}.elementor-widget-text-editor .elementor-drop-cap-letter{display:inline-block}<\/style>\t\t\t\t&nbsp;\n<h5>Wyndham Afyonkarahisar<\/h5>\n<ul>\n \t<li><a href=\"https:\/\/www.wyndhamafyonkarahisar.com\/wp-content\/uploads\/2023\/10\/kisisel-verilerin-korunmasi-kanunu-misafir-aydinlatma-metni.pdf\" target=\"_blank\" rel=\"noopener\">KVKK &#8211; M\u00fc\u015fteri Ayd\u0131nlatma Metni<\/a><\/li>\n \t<li><a target=\"_blank\" href=\"https:\/\/www.wyndhamafyonkarahisar.com\/wp-content\/uploads\/2023\/10\/cerez-politikasi-aydinlatma-metni.pdf\">KVKK &#8211; \u00c7erez Politikas\u0131 Ayd\u0131nlatma Metni<\/a><\/li>\n \t<li><a target=\"_blank\" href=\"https:\/\/www.wyndhamafyonkarahisar.com\/wp-content\/uploads\/2023\/10\/cerez-politikasi.pdf\">KVKK &#8211; \u00c7erez Politikas\u0131<\/a><\/li>\n \t<li><a target=\"_blank\" href=\"https:\/\/www.wyndhamafyonkarahisar.com\/wp-content\/uploads\/2023\/10\/kisisel-verilerin-korunmasi-kanunu-misafir-aydinlatma-metni.pdf\">KVKK Politikas\u0131<\/a><\/li>\n \t<li><a target=\"_blank\" href=\"https:\/\/www.wyndhamafyonkarahisar.com\/wp-content\/uploads\/2023\/10\/kisisel-verilerin-korunmasi-kanunu-veri-sahibi-basvuru-formu.pdf\">KVKK &#8211; Veri Sahibi Ba\u015fvuru Formu<\/a><\/li>\n<\/ul>\t\t\t\t\t\t<\/div>\n\t\t\t\t<\/div>\n\t\t\t\t\t<\/div>\n\t\t\t\t<\/div>\n\t\t\t\t\t\t\t<\/div>\n\t\t","protected":false},"excerpt":{"rendered":"<p>&nbsp; Wyndham Afyonkarahisar KVKK &#8211; M\u00fc\u015fteri Ayd\u0131nlatma Metni KVKK &#8211; \u00c7erez Politikas\u0131 Ayd\u0131nlatma Metni KVKK &#8211; \u00c7erez Politikas\u0131 KVKK Politikas\u0131 KVKK &#8211; Veri Sahibi Ba\u015fvuru Formu<\/p>\n","protected":false},"author":1,"featured_media":0,"parent":0,"menu_order":0,"comment_status":"closed","ping_status":"closed","template":"elementor_header_footer","meta":{"inline_featured_image":false,"_monsterinsights_skip_tracking":false,"_monsterinsights_sitenote_active":false,"_monsterinsights_sitenote_note":"","_monsterinsights_sitenote_category":0,"footnotes":""},"class_list":["post-5121","page","type-page","status-publish","hentry"],"aioseo_notices":[],"_links":{"self":[{"href":"https:\/\/www.wyndhamafyonkarahisar.com\/tr\/wp-json\/wp\/v2\/pages\/5121\/"}],"collection":[{"href":"https:\/\/www.wyndhamafyonkarahisar.com\/tr\/wp-json\/wp\/v2\/pages\/"}],"about":[{"href":"https:\/\/www.wyndhamafyonkarahisar.com\/tr\/wp-json\/wp\/v2\/types\/page\/"}],"author":[{"embeddable":true,"href":"https:\/\/www.wyndhamafyonkarahisar.com\/tr\/wp-json\/wp\/v2\/users\/1\/"}],"replies":[{"embeddable":true,"href":"https:\/\/www.wyndhamafyonkarahisar.com\/tr\/wp-json\/wp\/v2\/comments\/?post=5121"}],"version-history":[{"count":7,"href":"https:\/\/www.wyndhamafyonkarahisar.com\/tr\/wp-json\/wp\/v2\/pages\/5121\/revisions\/"}],"predecessor-version":[{"id":5128,"href":"https:\/\/www.wyndhamafyonkarahisar.com\/tr\/wp-json\/wp\/v2\/pages\/5121\/revisions\/5128\/"}],"wp:attachment":[{"href":"https:\/\/www.wyndhamafyonkarahisar.com\/tr\/wp-json\/wp\/v2\/media\/?parent=5121"}],"curies":[{"name":"wp","href":"https:\/\/api.w.org\/{rel}","templated":true}]}}